{"id":3,"date":"2025-10-06T18:03:15","date_gmt":"2025-10-06T16:03:15","guid":{"rendered":"https:\/\/poliris.io\/?page_id=3"},"modified":"2025-10-30T13:05:33","modified_gmt":"2025-10-30T12:05:33","slug":"politique-de-confidentialite","status":"publish","type":"page","link":"https:\/\/poliris.io\/en\/politique-de-confidentialite\/","title":{"rendered":"Privacy Policy"},"content":{"rendered":"<style>@media (min-width: 992px) { .liquid-row-responsive-6a06033a269ef {padding-top:6% !important; padding-right:0px !important; padding-bottom:6% !important; padding-left:0px !important;  }  }    <\/style><section data-bg-image=\"url\" class=\"vc_row vc_custom_1761825202862 liquid-row-responsive-6a06033a269ef liquid-row-shadowbox-6a06033a26a08 vc_row-has-fill vc_row-has-bg\"><div class=\"ld-container container\"><div class=\"row ld-row ld-row-outer\"><div class=\"wpb_column vc_column_container vc_col-sm-12 liquid-column-6a06033a26c7c\"><div class=\"vc_column-inner\" ><div class=\"wpb_wrapper\"  >\n\t<div class=\"wpb_text_column wpb_content_element\" >\n\t\t<div class=\"wpb_wrapper\">\n\t\t\t<h2 class=\"wp-block-heading\">Privacy Policy<\/h2>\n<p>Our website address is: https:\/\/poliris.io<\/p>\n<p>&nbsp;<\/p>\n<h3 class=\"wp-block-heading\">Comments<\/h3>\n<p>When you leave a comment on our site, the data entered in the comment form, as well as your IP address and your browser\u2019s user agent, are collected to help us detect unwanted (spam) comments.<\/p>\n<p>An anonymized string created from your email address (also called a hash) may be sent to the Gravatar service to check whether you are using it. The Gravatar service\u2019s privacy policy is available here: https:\/\/automattic.com\/privacy\/ . After your comment is approved, your profile picture will be publicly visible next to your comment.<\/p>\n<p>&nbsp;<\/p>\n<h4 class=\"wp-block-heading\">Media<\/h4>\n<p>If you upload images to the site, we recommend avoiding uploading images that contain GPS EXIF data. Visitors to your site may download and extract location data from these images.<\/p>\n<p>&nbsp;<\/p>\n<h4 class=\"wp-block-heading\">Cookies<\/h4>\n<p>If you leave a comment on our site, you will be offered the option to save your name, email address, and website in cookies. This is solely for your convenience so you won\u2019t have to re-enter this information when you leave another comment later. These cookies expire after one year.<\/p>\n<p>If you visit the login page, a temporary cookie will be created to determine whether your browser accepts cookies. It contains no personal data and will be automatically deleted when you close your browser.<\/p>\n<p>When you log in, we set several cookies to store your login information and your screen preferences. A login cookie lasts for two days, while a screen options cookie lasts for one year. If you check \u2018Remember me,\u2019 your login cookie will be kept for two weeks. If you log out of your account, the login cookie will be deleted.<\/p>\n<p>When you edit or publish a post, an additional cookie will be saved in your browser. This cookie contains no personal data; it simply indicates the ID of the post you just edited. It expires after one day.<\/p>\n<p>&nbsp;<\/p>\n<h4 class=\"wp-block-heading\">Embedded content from other websites<\/h4>\n<p>Articles on this site may include embedded content (e.g., videos, images, articles\u2026). Embedded content from other websites behaves in the same way as if the visitor were visiting those websites.<\/p>\n<p>These websites may collect data about you, use cookies, embed third-party tracking tools, and monitor your interactions with the embedded content if you have an account and are logged in to their website.<\/p>\n<p>&nbsp;<\/p>\n<h4 class=\"wp-block-heading\">Use and transmission of your personal data<\/h4>\n<p>If you request a password reset, your IP address will be included in the reset email.<\/p>\n<p><!-- \/wp:post-content --><\/p>\n<p>&nbsp;<\/p>\n<p><!-- wp:heading --><\/p>\n<h3 class=\"wp-block-heading\">Data retention periods<\/h3>\n<p class=\"wp-block-heading\"><!-- \/wp:heading -->If you leave a comment, the comment and its metadata are retained indefinitely. This allows us to recognize and automatically approve subsequent comments instead of holding them in the moderation queue.<\/p>\n<p class=\"wp-block-heading\">For accounts that register on our site (if applicable), we also store the personal data provided in their profile. All accounts can view, modify, or delete their personal information at any time (except for their username). Site administrators can also view and modify this information.<\/p>\n<p><!-- \/wp:paragraph --><\/p>\n<p>&nbsp;<\/p>\n<p><!-- wp:heading --><\/p>\n<h4 class=\"wp-block-heading\">Your rights regarding your data<\/h4>\n<p>If you have an account or have left comments on the site, you can request a file containing all the personal data we hold about you, including any data you have provided to us. You can also request the deletion of your personal data. This does not include data we are required to keep for administrative, legal, or security purposes.<\/p>\n<p><!-- \/wp:paragraph --><\/p>\n<p>&nbsp;<\/p>\n<p><!-- wp:heading --><\/p>\n<h4 class=\"wp-block-heading\">Where your data is transferred<\/h4>\n<p>Visitor comments may be checked through an automated spam-detection service.<\/p>\n<p><!-- \/wp:paragraph --><\/p>\n\n\t\t<\/div>\n\t<\/div>\n<\/div><\/div><\/div><\/div><\/div><\/section>","protected":false},"excerpt":{"rendered":"Politique de confidentialit\u00e9 L\u2019adresse de notre site est : https:\/\/poliris.io. &nbsp; Commentaires Quand vous laissez un commentaire sur notre site, les donn\u00e9es inscrites dans le formulaire de commentaire, ainsi que votre adresse IP et l\u2019agent utilisateur de votre navigateur sont collect\u00e9s pour nous aider \u00e0 la d\u00e9tection des commentaires ind\u00e9sirables. Une cha\u00eene anonymis\u00e9e cr\u00e9\u00e9e \u00e0 [...]","protected":false},"author":1,"featured_media":0,"parent":0,"menu_order":0,"comment_status":"closed","ping_status":"open","template":"","meta":{"footnotes":""},"class_list":["post-3","page","type-page","status-publish","hentry"],"_hostinger_reach_plugin_has_subscription_block":false,"_hostinger_reach_plugin_is_elementor":false,"_links":{"self":[{"href":"https:\/\/poliris.io\/en\/wp-json\/wp\/v2\/pages\/3","targetHints":{"allow":["GET"]}}],"collection":[{"href":"https:\/\/poliris.io\/en\/wp-json\/wp\/v2\/pages"}],"about":[{"href":"https:\/\/poliris.io\/en\/wp-json\/wp\/v2\/types\/page"}],"author":[{"embeddable":true,"href":"https:\/\/poliris.io\/en\/wp-json\/wp\/v2\/users\/1"}],"replies":[{"embeddable":true,"href":"https:\/\/poliris.io\/en\/wp-json\/wp\/v2\/comments?post=3"}],"version-history":[{"count":8,"href":"https:\/\/poliris.io\/en\/wp-json\/wp\/v2\/pages\/3\/revisions"}],"predecessor-version":[{"id":1718,"href":"https:\/\/poliris.io\/en\/wp-json\/wp\/v2\/pages\/3\/revisions\/1718"}],"wp:attachment":[{"href":"https:\/\/poliris.io\/en\/wp-json\/wp\/v2\/media?parent=3"}],"curies":[{"name":"wp","href":"https:\/\/api.w.org\/{rel}","templated":true}]}}